{"id":3136,"date":"2021-06-08T08:26:36","date_gmt":"2021-06-08T08:26:36","guid":{"rendered":"https:\/\/biotellus.qodeinteractive.com\/?page_id=3136"},"modified":"2021-06-08T08:26:36","modified_gmt":"2021-06-08T08:26:36","slug":"coming-soon","status":"publish","type":"page","link":"https:\/\/alnuscs.com\/en\/coming-soon\/","title":{"rendered":"Coming soon"},"content":{"rendered":"<div data-elementor-type=\"wp-page\" data-elementor-id=\"3136\" class=\"elementor elementor-3136\">\n\t\t\t\t\t\t<section class=\"elementor-section elementor-top-section elementor-element elementor-element-4f7911f elementor-section-full_width qodef-elementor-content-grid elementor-section-height-full elementor-section-height-default elementor-section-items-middle qodef-vertical-text-holder-no\" data-id=\"4f7911f\" data-element_type=\"section\" data-e-type=\"section\" data-settings=\"{&quot;background_background&quot;:&quot;classic&quot;}\">\n\t\t\t\t\t\t<div class=\"elementor-container elementor-column-gap-default\">\n\t\t\t\t\t<div class=\"elementor-column elementor-col-100 elementor-top-column elementor-element elementor-element-9a01949\" data-id=\"9a01949\" data-element_type=\"column\" data-e-type=\"column\">\n\t\t\t<div class=\"elementor-widget-wrap elementor-element-populated\">\n\t\t\t\t\t\t<div class=\"elementor-element elementor-element-1126f1a elementor-widget elementor-widget-biotellus_core_section_title\" data-id=\"1126f1a\" data-element_type=\"widget\" data-e-type=\"widget\" data-widget_type=\"biotellus_core_section_title.default\">\n\t\t\t\t<div class=\"elementor-widget-container\">\n\t\t\t\t\t<div class=\"qodef-shortcode qodef-m qodef-section-title qodef-alignment--left\">\n    <div class=\"qodef-title-wrapper\">\n        \t<p class=\"qodef-m-subtitle\" style=\"color: #FFFFFF\">\n        Renewable way    <\/p>\n            <\/div>\n    \t<\/div>\n\t\t\t\t<\/div>\n\t\t\t\t<\/div>\n\t\t\t\t<div class=\"elementor-element elementor-element-b7ad3e7 elementor-widget elementor-widget-biotellus_core_custom_font\" data-id=\"b7ad3e7\" data-element_type=\"widget\" data-e-type=\"widget\" data-widget_type=\"biotellus_core_custom_font.default\">\n\t\t\t\t<div class=\"elementor-widget-container\">\n\t\t\t\t\t<p class=\"qodef-shortcode qodef-m qodef-custom-font qodef-custom-font-406 qodef-layout--simple qodef-break-text--no\" style=\"color: #FFFFFF;font-family: Roboto;font-size: 105px;line-height: 108px;font-weight: 500\">Coming Soon<\/p>\n\t\t\t\t<\/div>\n\t\t\t\t<\/div>\n\t\t\t\t<div class=\"elementor-element elementor-element-4f62011 elementor-widget elementor-widget-text-editor\" data-id=\"4f62011\" data-element_type=\"widget\" data-e-type=\"widget\" data-widget_type=\"text-editor.default\">\n\t\t\t\t<div class=\"elementor-widget-container\">\n\t\t\t\t\t\t\t\t\t<p>Aliquam eu luctus ligula. Sed vestibulum odio vitae tellus. Morbi aliquet tortor vitae gravida mattis morbi ullam dolor.<\/p>\t\t\t\t\t\t\t\t<\/div>\n\t\t\t\t<\/div>\n\t\t\t\t<div class=\"elementor-element elementor-element-c6db123 elementor-widget__width-inherit elementor-widget-tablet__width-inherit elementor-absolute elementor-widget elementor-widget-biotellus_core_countdown\" data-id=\"c6db123\" data-element_type=\"widget\" data-e-type=\"widget\" data-settings=\"{&quot;_position&quot;:&quot;absolute&quot;}\" data-widget_type=\"biotellus_core_countdown.default\">\n\t\t\t\t<div class=\"elementor-widget-container\">\n\t\t\t\t\t<div class=\"qodef-shortcode qodef-m qodef-countdown qodef-show--5 qodef-countdown--light qodef-layout--simple\" data-date=\"2022\/03\/17 00:00:00\" data-week-label=\"Week\" data-week-label-plural=\"Weeks\" data-day-label=\"Day\" data-day-label-plural=\"Days\" data-hour-label=\"Hour\" data-hour-label-plural=\"Hours\" data-minute-label=\"Minute\" data-minute-label-plural=\"Minutes\" data-second-label=\"Second\" data-second-label-plural=\"Seconds\">\n\t<span class=\"qodef-m-date\"><\/span>\n<\/div>\n\t\t\t\t<\/div>\n\t\t\t\t<\/div>\n\t\t\t\t\t<\/div>\n\t\t<\/div>\n\t\t\t\t\t<\/div>\n\t\t<\/section>\n\t\t\t\t<\/div>","protected":false},"excerpt":{"rendered":"<p>Renewable way Coming Soon Aliquam eu luctus ligula. Sed vestibulum odio vitae tellus. Morbi aliquet tortor vitae gravida mattis morbi ullam dolor.<\/p>","protected":false},"author":1,"featured_media":0,"parent":0,"menu_order":0,"comment_status":"closed","ping_status":"closed","template":"page-full-width.php","meta":{"footnotes":""},"class_list":["post-3136","page","type-page","status-publish","hentry"],"yoast_head":"<!-- This site is optimized with the Yoast SEO plugin v27.1.1 - https:\/\/yoast.com\/product\/yoast-seo-wordpress\/ -->\n<title>Coming soon - ALNUS Consulting &amp; Strategy<\/title>\n<meta name=\"robots\" content=\"index, follow, max-snippet:-1, max-image-preview:large, max-video-preview:-1\" \/>\n<link rel=\"canonical\" href=\"https:\/\/alnuscs.com\/en\/coming-soon\/\" \/>\n<meta property=\"og:locale\" content=\"en_US\" \/>\n<meta property=\"og:type\" content=\"article\" \/>\n<meta property=\"og:title\" content=\"Coming soon - ALNUS Consulting &amp; Strategy\" \/>\n<meta property=\"og:description\" content=\"Renewable way Coming Soon Aliquam eu luctus ligula. Sed vestibulum odio vitae tellus. Morbi aliquet tortor vitae gravida mattis morbi ullam dolor.\" \/>\n<meta property=\"og:url\" content=\"https:\/\/alnuscs.com\/en\/coming-soon\/\" \/>\n<meta property=\"og:site_name\" content=\"ALNUS Consulting &amp; Strategy\" \/>\n<meta name=\"twitter:card\" content=\"summary_large_image\" \/>\n<script type=\"application\/ld+json\" class=\"yoast-schema-graph\">{\"@context\":\"https:\/\/schema.org\",\"@graph\":[{\"@type\":\"WebPage\",\"@id\":\"https:\/\/alnuscs.com\/coming-soon\/\",\"url\":\"https:\/\/alnuscs.com\/coming-soon\/\",\"name\":\"Coming soon - ALNUS Consulting &amp; Strategy\",\"isPartOf\":{\"@id\":\"https:\/\/alnuscs.com\/#website\"},\"datePublished\":\"2021-06-08T08:26:36+00:00\",\"breadcrumb\":{\"@id\":\"https:\/\/alnuscs.com\/coming-soon\/#breadcrumb\"},\"inLanguage\":\"en-US\",\"potentialAction\":[{\"@type\":\"ReadAction\",\"target\":[\"https:\/\/alnuscs.com\/coming-soon\/\"]}]},{\"@type\":\"BreadcrumbList\",\"@id\":\"https:\/\/alnuscs.com\/coming-soon\/#breadcrumb\",\"itemListElement\":[{\"@type\":\"ListItem\",\"position\":1,\"name\":\"Portada\",\"item\":\"https:\/\/alnuscs.com\/\"},{\"@type\":\"ListItem\",\"position\":2,\"name\":\"Coming soon\"}]},{\"@type\":\"WebSite\",\"@id\":\"https:\/\/alnuscs.com\/#website\",\"url\":\"https:\/\/alnuscs.com\/\",\"name\":\"ALNUS Consulting & Strategy\",\"description\":\"Alnus es un firma especializada en estrategia y consultor\u00eda, nos ubicamos en San Jos\u00e9, Costa Rica y ayudamos a nuestros clientes en la gesti\u00f3n de la sostenibilidad para generar servicios y soluciones competitivas, mejorar la eficiencia operativa, fortalecer su reputaci\u00f3n corporativa y atraer a consumidores y socios comerciales, a trav\u00e9s de estrategias que incorporan la innovaci\u00f3n, la experiencia y el conocimiento.\",\"publisher\":{\"@id\":\"https:\/\/alnuscs.com\/#organization\"},\"potentialAction\":[{\"@type\":\"SearchAction\",\"target\":{\"@type\":\"EntryPoint\",\"urlTemplate\":\"https:\/\/alnuscs.com\/?s={search_term_string}\"},\"query-input\":{\"@type\":\"PropertyValueSpecification\",\"valueRequired\":true,\"valueName\":\"search_term_string\"}}],\"inLanguage\":\"en-US\"},{\"@type\":\"Organization\",\"@id\":\"https:\/\/alnuscs.com\/#organization\",\"name\":\"ALNUS Consulting & Strategy\",\"url\":\"https:\/\/alnuscs.com\/\",\"logo\":{\"@type\":\"ImageObject\",\"inLanguage\":\"en-US\",\"@id\":\"https:\/\/alnuscs.com\/#\/schema\/logo\/image\/\",\"url\":\"https:\/\/alnuscs.com\/wp-content\/uploads\/2023\/08\/ALNUS-LOGO.png\",\"contentUrl\":\"https:\/\/alnuscs.com\/wp-content\/uploads\/2023\/08\/ALNUS-LOGO.png\",\"width\":927,\"height\":525,\"caption\":\"ALNUS Consulting & Strategy\"},\"image\":{\"@id\":\"https:\/\/alnuscs.com\/#\/schema\/logo\/image\/\"},\"sameAs\":[\"https:\/\/www.linkedin.com\/company\/alnus-consulting-and-strategy\/about\/\"]}]}<\/script>\n<!-- \/ Yoast SEO plugin. -->","yoast_head_json":{"title":"Coming soon - ALNUS Consulting &amp; Strategy","robots":{"index":"index","follow":"follow","max-snippet":"max-snippet:-1","max-image-preview":"max-image-preview:large","max-video-preview":"max-video-preview:-1"},"canonical":"https:\/\/alnuscs.com\/en\/coming-soon\/","og_locale":"en_US","og_type":"article","og_title":"Coming soon - ALNUS Consulting &amp; Strategy","og_description":"Renewable way Coming Soon Aliquam eu luctus ligula. Sed vestibulum odio vitae tellus. Morbi aliquet tortor vitae gravida mattis morbi ullam dolor.","og_url":"https:\/\/alnuscs.com\/en\/coming-soon\/","og_site_name":"ALNUS Consulting &amp; Strategy","twitter_card":"summary_large_image","schema":{"@context":"https:\/\/schema.org","@graph":[{"@type":"WebPage","@id":"https:\/\/alnuscs.com\/coming-soon\/","url":"https:\/\/alnuscs.com\/coming-soon\/","name":"Coming soon - ALNUS Consulting &amp; Strategy","isPartOf":{"@id":"https:\/\/alnuscs.com\/#website"},"datePublished":"2021-06-08T08:26:36+00:00","breadcrumb":{"@id":"https:\/\/alnuscs.com\/coming-soon\/#breadcrumb"},"inLanguage":"en-US","potentialAction":[{"@type":"ReadAction","target":["https:\/\/alnuscs.com\/coming-soon\/"]}]},{"@type":"BreadcrumbList","@id":"https:\/\/alnuscs.com\/coming-soon\/#breadcrumb","itemListElement":[{"@type":"ListItem","position":1,"name":"Portada","item":"https:\/\/alnuscs.com\/"},{"@type":"ListItem","position":2,"name":"Coming soon"}]},{"@type":"WebSite","@id":"https:\/\/alnuscs.com\/#website","url":"https:\/\/alnuscs.com\/","name":"ALNUS Consulting & Strategy","description":"Alnus es un firma especializada en estrategia y consultor\u00eda, nos ubicamos en San Jos\u00e9, Costa Rica y ayudamos a nuestros clientes en la gesti\u00f3n de la sostenibilidad para generar servicios y soluciones competitivas, mejorar la eficiencia operativa, fortalecer su reputaci\u00f3n corporativa y atraer a consumidores y socios comerciales, a trav\u00e9s de estrategias que incorporan la innovaci\u00f3n, la experiencia y el conocimiento.","publisher":{"@id":"https:\/\/alnuscs.com\/#organization"},"potentialAction":[{"@type":"SearchAction","target":{"@type":"EntryPoint","urlTemplate":"https:\/\/alnuscs.com\/?s={search_term_string}"},"query-input":{"@type":"PropertyValueSpecification","valueRequired":true,"valueName":"search_term_string"}}],"inLanguage":"en-US"},{"@type":"Organization","@id":"https:\/\/alnuscs.com\/#organization","name":"ALNUS Consulting & Strategy","url":"https:\/\/alnuscs.com\/","logo":{"@type":"ImageObject","inLanguage":"en-US","@id":"https:\/\/alnuscs.com\/#\/schema\/logo\/image\/","url":"https:\/\/alnuscs.com\/wp-content\/uploads\/2023\/08\/ALNUS-LOGO.png","contentUrl":"https:\/\/alnuscs.com\/wp-content\/uploads\/2023\/08\/ALNUS-LOGO.png","width":927,"height":525,"caption":"ALNUS Consulting & Strategy"},"image":{"@id":"https:\/\/alnuscs.com\/#\/schema\/logo\/image\/"},"sameAs":["https:\/\/www.linkedin.com\/company\/alnus-consulting-and-strategy\/about\/"]}]}},"_links":{"self":[{"href":"https:\/\/alnuscs.com\/en\/wp-json\/wp\/v2\/pages\/3136","targetHints":{"allow":["GET"]}}],"collection":[{"href":"https:\/\/alnuscs.com\/en\/wp-json\/wp\/v2\/pages"}],"about":[{"href":"https:\/\/alnuscs.com\/en\/wp-json\/wp\/v2\/types\/page"}],"author":[{"embeddable":true,"href":"https:\/\/alnuscs.com\/en\/wp-json\/wp\/v2\/users\/1"}],"replies":[{"embeddable":true,"href":"https:\/\/alnuscs.com\/en\/wp-json\/wp\/v2\/comments?post=3136"}],"version-history":[{"count":0,"href":"https:\/\/alnuscs.com\/en\/wp-json\/wp\/v2\/pages\/3136\/revisions"}],"wp:attachment":[{"href":"https:\/\/alnuscs.com\/en\/wp-json\/wp\/v2\/media?parent=3136"}],"curies":[{"name":"wp","href":"https:\/\/api.w.org\/{rel}","templated":true}]}}