{"id":4483,"date":"2021-06-11T08:55:37","date_gmt":"2021-06-11T08:55:37","guid":{"rendered":"https:\/\/biotellus.qodeinteractive.com\/?page_id=4483"},"modified":"2021-06-11T08:55:37","modified_gmt":"2021-06-11T08:55:37","slug":"get-in-touch","status":"publish","type":"page","link":"https:\/\/alnuscs.com\/en\/get-in-touch\/","title":{"rendered":"Get in touch"},"content":{"rendered":"<div data-elementor-type=\"wp-page\" data-elementor-id=\"4483\" class=\"elementor elementor-4483\">\n\t\t\t\t\t\t<section class=\"elementor-section elementor-top-section elementor-element elementor-element-fe54e0a elementor-section-full_width elementor-section-height-default elementor-section-height-default qodef-elementor-content-no qodef-vertical-text-holder-no\" data-id=\"fe54e0a\" data-element_type=\"section\" data-e-type=\"section\">\n\t\t\t\t\t\t<div class=\"elementor-container elementor-column-gap-default\">\n\t\t\t\t\t<div class=\"elementor-column elementor-col-100 elementor-top-column elementor-element elementor-element-6d8f5c0\" data-id=\"6d8f5c0\" data-element_type=\"column\" data-e-type=\"column\">\n\t\t\t<div class=\"elementor-widget-wrap elementor-element-populated\">\n\t\t\t\t\t\t<div class=\"elementor-element elementor-element-9b920bc elementor-widget elementor-widget-biotellus_core_google_map\" data-id=\"9b920bc\" data-element_type=\"widget\" data-e-type=\"widget\" data-widget_type=\"biotellus_core_google_map.default\">\n\t\t\t\t<div class=\"elementor-widget-container\">\n\t\t\t\t\t<div class=\"qodef-shortcode qodef-m qodef-google-map\">\n\t<div class=\"qodef-m-map\" id=\"qodef-map-id--379\" data-addresses='[\"\u041c\u043e\u0440\u0438\u0441\u0432\u0438\u043b, \u041f\u0435\u043d\u0441\u0438\u043b\u0432\u0430\u043d\u0438\u0458\u0430 19067, \u0421\u0458\u0435\u0434\u0438\u045a\u0435\u043d\u0435 \u0414\u0440\u0436\u0430\u0432\u0435\"]' data-pin=\"https:\/\/alnuscs.com\/wp-content\/uploads\/2021\/09\/map-pin.png\" data-unique-id=\"379\" data-height=\"600\"><\/div>\n<\/div>\n\t\t\t\t<\/div>\n\t\t\t\t<\/div>\n\t\t\t\t\t<\/div>\n\t\t<\/div>\n\t\t\t\t\t<\/div>\n\t\t<\/section>\n\t\t\t\t<section class=\"elementor-section elementor-top-section elementor-element elementor-element-868ddf9 elementor-section-full_width elementor-section-height-default elementor-section-height-default qodef-elementor-content-no qodef-vertical-text-holder-no\" data-id=\"868ddf9\" data-element_type=\"section\" data-e-type=\"section\">\n\t\t\t\t\t\t<div class=\"elementor-container elementor-column-gap-default\">\n\t\t\t\t\t<div class=\"elementor-column elementor-col-50 elementor-top-column elementor-element elementor-element-95dc566\" data-id=\"95dc566\" data-element_type=\"column\" data-e-type=\"column\">\n\t\t\t<div class=\"elementor-widget-wrap elementor-element-populated\">\n\t\t\t\t\t\t<div class=\"elementor-element elementor-element-47ae5e6 elementor-widget elementor-widget-biotellus_core_section_title\" data-id=\"47ae5e6\" data-element_type=\"widget\" data-e-type=\"widget\" data-widget_type=\"biotellus_core_section_title.default\">\n\t\t\t\t<div class=\"elementor-widget-container\">\n\t\t\t\t\t<div class=\"qodef-shortcode qodef-m qodef-section-title qodef-alignment--left\">\n    <div class=\"qodef-title-wrapper\">\n        \t<p class=\"qodef-m-subtitle\" style=\"margin: 0px 0px 19px 2px\">\n        For a new world    <\/p>\n        \t<h3 class=\"qodef-m-title\" >\n\t\t\t\t\tLet's make a change\t\t\t<\/h3>\n    <\/div>\n    \t<\/div>\n\t\t\t\t<\/div>\n\t\t\t\t<\/div>\n\t\t\t\t<div class=\"elementor-element elementor-element-9abeaef elementor-widget elementor-widget-text-editor\" data-id=\"9abeaef\" data-element_type=\"widget\" data-e-type=\"widget\" data-widget_type=\"text-editor.default\">\n\t\t\t\t<div class=\"elementor-widget-container\">\n\t\t\t\t\t\t\t\t\t<p>Lorem ipsum dolor sit amet, consectetur elit adipiscing, cursus eiusmod do sed donne.<\/p>\t\t\t\t\t\t\t\t<\/div>\n\t\t\t\t<\/div>\n\t\t\t\t<div class=\"elementor-element elementor-element-a2f7726 elementor-widget elementor-widget-wp-widget-biotellus_core_contact_form_7\" data-id=\"a2f7726\" data-element_type=\"widget\" data-e-type=\"widget\" data-widget_type=\"wp-widget-biotellus_core_contact_form_7.default\">\n\t\t\t\t<div class=\"elementor-widget-container\">\n\t\t\t\t\t\t\t\t<div class=\"qodef-contact-form-7\">\n\t\t\t\t\n<div class=\"wpcf7 no-js\" id=\"wpcf7-f3477-o1\" lang=\"en-US\" dir=\"ltr\" data-wpcf7-id=\"3477\">\n<div class=\"screen-reader-response\"><p role=\"status\" aria-live=\"polite\" aria-atomic=\"true\"><\/p> <ul><\/ul><\/div>\n<form action=\"\/en\/wp-json\/wp\/v2\/pages\/4483#wpcf7-f3477-o1\" method=\"post\" class=\"wpcf7-form init\" aria-label=\"Contact form\" novalidate=\"novalidate\" data-status=\"init\" data-trp-original-action=\"\/en\/wp-json\/wp\/v2\/pages\/4483#wpcf7-f3477-o1\">\n<fieldset class=\"hidden-fields-container\"><input type=\"hidden\" name=\"_wpcf7\" value=\"3477\" \/><input type=\"hidden\" name=\"_wpcf7_version\" value=\"6.1.5\" \/><input type=\"hidden\" name=\"_wpcf7_locale\" value=\"en_US\" \/><input type=\"hidden\" name=\"_wpcf7_unit_tag\" value=\"wpcf7-f3477-o1\" \/><input type=\"hidden\" name=\"_wpcf7_container_post\" value=\"0\" \/><input type=\"hidden\" name=\"_wpcf7_posted_data_hash\" value=\"\" \/>\n<\/fieldset>\n<div class=\"qodef-grid qodef-layout--columns qodef-col-num--2 qodef-required-field-style\">\n<div class=\"qodef-grid-inner\">\n<div class=\"qodef-grid-item\">\n<span class=\"wpcf7-form-control-wrap\" data-name=\"Nombre\"><input size=\"40\" maxlength=\"400\" class=\"wpcf7-form-control wpcf7-text wpcf7-validates-as-required\" aria-required=\"true\" aria-invalid=\"false\" placeholder=\"Name...\" value=\"\" type=\"text\" name=\"Nombre\" \/><\/span>\n<\/div>\n<div class=\"qodef-grid-item\">\n<span class=\"wpcf7-form-control-wrap\" data-name=\"Email\"><input size=\"40\" maxlength=\"400\" class=\"wpcf7-form-control wpcf7-email wpcf7-validates-as-required wpcf7-text wpcf7-validates-as-email\" aria-required=\"true\" aria-invalid=\"false\" placeholder=\"Email...\" value=\"\" type=\"email\" name=\"Email\" \/><\/span>\n<\/div>\n<\/div>\n<span class=\"wpcf7-form-control-wrap\" data-name=\"Mensaje\"><textarea cols=\"40\" rows=\"4\" maxlength=\"2000\" class=\"wpcf7-form-control wpcf7-textarea\" aria-invalid=\"false\" placeholder=\"Your message...\" name=\"Mensaje\"><\/textarea><\/span>\n<\/div>\n\n<button class=\"wpcf7-form-control wpcf7-submit qodef-button qodef-size--normal qodef-type--filled qodef-m\" type=\"submit\"><span class=\"qodef-m-text\">Send<\/span><\/button><div class=\"wpcf7-response-output\" aria-hidden=\"true\"><\/div>\n<input type=\"hidden\" name=\"trp-form-language\" value=\"en\"\/><\/form>\n<\/div>\n\t\t\t<\/div>\n\t\t\t\t\t\t\t<\/div>\n\t\t\t\t<\/div>\n\t\t\t\t\t<\/div>\n\t\t<\/div>\n\t\t\t\t<div class=\"elementor-column elementor-col-50 elementor-top-column elementor-element elementor-element-a9e4e17\" data-id=\"a9e4e17\" data-element_type=\"column\" data-e-type=\"column\">\n\t\t\t<div class=\"elementor-widget-wrap elementor-element-populated\">\n\t\t\t\t\t\t<div class=\"elementor-element elementor-element-b0d7102 elementor-widget elementor-widget-biotellus_core_single_image\" data-id=\"b0d7102\" data-element_type=\"widget\" data-e-type=\"widget\" data-widget_type=\"biotellus_core_single_image.default\">\n\t\t\t\t<div class=\"elementor-widget-container\">\n\t\t\t\t\t<div class=\"qodef-shortcode qodef-m qodef-single-image qodef-layout--default\" data-viewport-offset=\"0.3\">\n\t<div class=\"qodef-m-image\">\n\t\t\t<img fetchpriority=\"high\" decoding=\"async\" width=\"960\" height=\"830\" src=\"https:\/\/alnuscs.com\/wp-content\/uploads\/2021\/06\/get-in-touch-img-2.jpg\" class=\"attachment-full size-full\" alt=\"c\" srcset=\"https:\/\/alnuscs.com\/wp-content\/uploads\/2021\/06\/get-in-touch-img-2.jpg 960w, https:\/\/alnuscs.com\/wp-content\/uploads\/2021\/06\/get-in-touch-img-2-300x259.jpg 300w, https:\/\/alnuscs.com\/wp-content\/uploads\/2021\/06\/get-in-touch-img-2-768x664.jpg 768w, https:\/\/alnuscs.com\/wp-content\/uploads\/2021\/06\/get-in-touch-img-2-600x519.jpg 600w\" sizes=\"(max-width: 960px) 100vw, 960px\" \/>\t<\/div>\n<\/div>\n\t\t\t\t<\/div>\n\t\t\t\t<\/div>\n\t\t\t\t\t<\/div>\n\t\t<\/div>\n\t\t\t\t\t<\/div>\n\t\t<\/section>\n\t\t\t\t<\/div>","protected":false},"excerpt":{"rendered":"<p>For a new world Let&#8217;s make a change Lorem ipsum dolor sit amet, consectetur elit adipiscing, cursus eiusmod do sed donne.<\/p>","protected":false},"author":1,"featured_media":0,"parent":0,"menu_order":0,"comment_status":"closed","ping_status":"closed","template":"page-full-width.php","meta":{"footnotes":""},"class_list":["post-4483","page","type-page","status-publish","hentry"],"yoast_head":"<!-- This site is optimized with the Yoast SEO plugin v27.1.1 - https:\/\/yoast.com\/product\/yoast-seo-wordpress\/ -->\n<title>Get in touch - ALNUS Consulting &amp; Strategy<\/title>\n<meta name=\"robots\" content=\"index, follow, max-snippet:-1, max-image-preview:large, max-video-preview:-1\" \/>\n<link rel=\"canonical\" href=\"https:\/\/alnuscs.com\/en\/get-in-touch\/\" \/>\n<meta property=\"og:locale\" content=\"en_US\" \/>\n<meta property=\"og:type\" content=\"article\" \/>\n<meta property=\"og:title\" content=\"Get in touch - ALNUS Consulting &amp; Strategy\" \/>\n<meta property=\"og:description\" content=\"For a new world Let&#8217;s make a change Lorem ipsum dolor sit amet, consectetur elit adipiscing, cursus eiusmod do sed donne.\" \/>\n<meta property=\"og:url\" content=\"https:\/\/alnuscs.com\/en\/get-in-touch\/\" \/>\n<meta property=\"og:site_name\" content=\"ALNUS Consulting &amp; Strategy\" \/>\n<meta property=\"og:image\" content=\"https:\/\/biotellus.qodeinteractive.com\/wp-content\/uploads\/2021\/06\/get-in-touch-img-2.jpg\" \/>\n<meta name=\"twitter:card\" content=\"summary_large_image\" \/>\n<script type=\"application\/ld+json\" class=\"yoast-schema-graph\">{\"@context\":\"https:\/\/schema.org\",\"@graph\":[{\"@type\":\"WebPage\",\"@id\":\"https:\/\/alnuscs.com\/get-in-touch\/\",\"url\":\"https:\/\/alnuscs.com\/get-in-touch\/\",\"name\":\"Get in touch - ALNUS Consulting &amp; Strategy\",\"isPartOf\":{\"@id\":\"https:\/\/alnuscs.com\/#website\"},\"primaryImageOfPage\":{\"@id\":\"https:\/\/alnuscs.com\/get-in-touch\/#primaryimage\"},\"image\":{\"@id\":\"https:\/\/alnuscs.com\/get-in-touch\/#primaryimage\"},\"thumbnailUrl\":\"https:\/\/biotellus.qodeinteractive.com\/wp-content\/uploads\/2021\/06\/get-in-touch-img-2.jpg\",\"datePublished\":\"2021-06-11T08:55:37+00:00\",\"breadcrumb\":{\"@id\":\"https:\/\/alnuscs.com\/get-in-touch\/#breadcrumb\"},\"inLanguage\":\"en-US\",\"potentialAction\":[{\"@type\":\"ReadAction\",\"target\":[\"https:\/\/alnuscs.com\/get-in-touch\/\"]}]},{\"@type\":\"ImageObject\",\"inLanguage\":\"en-US\",\"@id\":\"https:\/\/alnuscs.com\/get-in-touch\/#primaryimage\",\"url\":\"https:\/\/biotellus.qodeinteractive.com\/wp-content\/uploads\/2021\/06\/get-in-touch-img-2.jpg\",\"contentUrl\":\"https:\/\/biotellus.qodeinteractive.com\/wp-content\/uploads\/2021\/06\/get-in-touch-img-2.jpg\"},{\"@type\":\"BreadcrumbList\",\"@id\":\"https:\/\/alnuscs.com\/get-in-touch\/#breadcrumb\",\"itemListElement\":[{\"@type\":\"ListItem\",\"position\":1,\"name\":\"Portada\",\"item\":\"https:\/\/alnuscs.com\/\"},{\"@type\":\"ListItem\",\"position\":2,\"name\":\"Get in touch\"}]},{\"@type\":\"WebSite\",\"@id\":\"https:\/\/alnuscs.com\/#website\",\"url\":\"https:\/\/alnuscs.com\/\",\"name\":\"ALNUS Consulting & Strategy\",\"description\":\"Alnus es un firma especializada en estrategia y consultor\u00eda, nos ubicamos en San Jos\u00e9, Costa Rica y ayudamos a nuestros clientes en la gesti\u00f3n de la sostenibilidad para generar servicios y soluciones competitivas, mejorar la eficiencia operativa, fortalecer su reputaci\u00f3n corporativa y atraer a consumidores y socios comerciales, a trav\u00e9s de estrategias que incorporan la innovaci\u00f3n, la experiencia y el conocimiento.\",\"publisher\":{\"@id\":\"https:\/\/alnuscs.com\/#organization\"},\"potentialAction\":[{\"@type\":\"SearchAction\",\"target\":{\"@type\":\"EntryPoint\",\"urlTemplate\":\"https:\/\/alnuscs.com\/?s={search_term_string}\"},\"query-input\":{\"@type\":\"PropertyValueSpecification\",\"valueRequired\":true,\"valueName\":\"search_term_string\"}}],\"inLanguage\":\"en-US\"},{\"@type\":\"Organization\",\"@id\":\"https:\/\/alnuscs.com\/#organization\",\"name\":\"ALNUS Consulting & Strategy\",\"url\":\"https:\/\/alnuscs.com\/\",\"logo\":{\"@type\":\"ImageObject\",\"inLanguage\":\"en-US\",\"@id\":\"https:\/\/alnuscs.com\/#\/schema\/logo\/image\/\",\"url\":\"https:\/\/alnuscs.com\/wp-content\/uploads\/2023\/08\/ALNUS-LOGO.png\",\"contentUrl\":\"https:\/\/alnuscs.com\/wp-content\/uploads\/2023\/08\/ALNUS-LOGO.png\",\"width\":927,\"height\":525,\"caption\":\"ALNUS Consulting & Strategy\"},\"image\":{\"@id\":\"https:\/\/alnuscs.com\/#\/schema\/logo\/image\/\"},\"sameAs\":[\"https:\/\/www.linkedin.com\/company\/alnus-consulting-and-strategy\/about\/\"]}]}<\/script>\n<!-- \/ Yoast SEO plugin. -->","yoast_head_json":{"title":"Get in touch - ALNUS Consulting &amp; Strategy","robots":{"index":"index","follow":"follow","max-snippet":"max-snippet:-1","max-image-preview":"max-image-preview:large","max-video-preview":"max-video-preview:-1"},"canonical":"https:\/\/alnuscs.com\/en\/get-in-touch\/","og_locale":"en_US","og_type":"article","og_title":"Get in touch - ALNUS Consulting &amp; Strategy","og_description":"For a new world Let&#8217;s make a change Lorem ipsum dolor sit amet, consectetur elit adipiscing, cursus eiusmod do sed donne.","og_url":"https:\/\/alnuscs.com\/en\/get-in-touch\/","og_site_name":"ALNUS Consulting &amp; Strategy","og_image":[{"url":"https:\/\/biotellus.qodeinteractive.com\/wp-content\/uploads\/2021\/06\/get-in-touch-img-2.jpg","type":"","width":"","height":""}],"twitter_card":"summary_large_image","schema":{"@context":"https:\/\/schema.org","@graph":[{"@type":"WebPage","@id":"https:\/\/alnuscs.com\/get-in-touch\/","url":"https:\/\/alnuscs.com\/get-in-touch\/","name":"Get in touch - ALNUS Consulting &amp; Strategy","isPartOf":{"@id":"https:\/\/alnuscs.com\/#website"},"primaryImageOfPage":{"@id":"https:\/\/alnuscs.com\/get-in-touch\/#primaryimage"},"image":{"@id":"https:\/\/alnuscs.com\/get-in-touch\/#primaryimage"},"thumbnailUrl":"https:\/\/biotellus.qodeinteractive.com\/wp-content\/uploads\/2021\/06\/get-in-touch-img-2.jpg","datePublished":"2021-06-11T08:55:37+00:00","breadcrumb":{"@id":"https:\/\/alnuscs.com\/get-in-touch\/#breadcrumb"},"inLanguage":"en-US","potentialAction":[{"@type":"ReadAction","target":["https:\/\/alnuscs.com\/get-in-touch\/"]}]},{"@type":"ImageObject","inLanguage":"en-US","@id":"https:\/\/alnuscs.com\/get-in-touch\/#primaryimage","url":"https:\/\/biotellus.qodeinteractive.com\/wp-content\/uploads\/2021\/06\/get-in-touch-img-2.jpg","contentUrl":"https:\/\/biotellus.qodeinteractive.com\/wp-content\/uploads\/2021\/06\/get-in-touch-img-2.jpg"},{"@type":"BreadcrumbList","@id":"https:\/\/alnuscs.com\/get-in-touch\/#breadcrumb","itemListElement":[{"@type":"ListItem","position":1,"name":"Portada","item":"https:\/\/alnuscs.com\/"},{"@type":"ListItem","position":2,"name":"Get in touch"}]},{"@type":"WebSite","@id":"https:\/\/alnuscs.com\/#website","url":"https:\/\/alnuscs.com\/","name":"ALNUS Consulting & Strategy","description":"Alnus es un firma especializada en estrategia y consultor\u00eda, nos ubicamos en San Jos\u00e9, Costa Rica y ayudamos a nuestros clientes en la gesti\u00f3n de la sostenibilidad para generar servicios y soluciones competitivas, mejorar la eficiencia operativa, fortalecer su reputaci\u00f3n corporativa y atraer a consumidores y socios comerciales, a trav\u00e9s de estrategias que incorporan la innovaci\u00f3n, la experiencia y el conocimiento.","publisher":{"@id":"https:\/\/alnuscs.com\/#organization"},"potentialAction":[{"@type":"SearchAction","target":{"@type":"EntryPoint","urlTemplate":"https:\/\/alnuscs.com\/?s={search_term_string}"},"query-input":{"@type":"PropertyValueSpecification","valueRequired":true,"valueName":"search_term_string"}}],"inLanguage":"en-US"},{"@type":"Organization","@id":"https:\/\/alnuscs.com\/#organization","name":"ALNUS Consulting & Strategy","url":"https:\/\/alnuscs.com\/","logo":{"@type":"ImageObject","inLanguage":"en-US","@id":"https:\/\/alnuscs.com\/#\/schema\/logo\/image\/","url":"https:\/\/alnuscs.com\/wp-content\/uploads\/2023\/08\/ALNUS-LOGO.png","contentUrl":"https:\/\/alnuscs.com\/wp-content\/uploads\/2023\/08\/ALNUS-LOGO.png","width":927,"height":525,"caption":"ALNUS Consulting & Strategy"},"image":{"@id":"https:\/\/alnuscs.com\/#\/schema\/logo\/image\/"},"sameAs":["https:\/\/www.linkedin.com\/company\/alnus-consulting-and-strategy\/about\/"]}]}},"_links":{"self":[{"href":"https:\/\/alnuscs.com\/en\/wp-json\/wp\/v2\/pages\/4483","targetHints":{"allow":["GET"]}}],"collection":[{"href":"https:\/\/alnuscs.com\/en\/wp-json\/wp\/v2\/pages"}],"about":[{"href":"https:\/\/alnuscs.com\/en\/wp-json\/wp\/v2\/types\/page"}],"author":[{"embeddable":true,"href":"https:\/\/alnuscs.com\/en\/wp-json\/wp\/v2\/users\/1"}],"replies":[{"embeddable":true,"href":"https:\/\/alnuscs.com\/en\/wp-json\/wp\/v2\/comments?post=4483"}],"version-history":[{"count":0,"href":"https:\/\/alnuscs.com\/en\/wp-json\/wp\/v2\/pages\/4483\/revisions"}],"wp:attachment":[{"href":"https:\/\/alnuscs.com\/en\/wp-json\/wp\/v2\/media?parent=4483"}],"curies":[{"name":"wp","href":"https:\/\/api.w.org\/{rel}","templated":true}]}}