{"id":1584,"date":"2021-06-01T09:50:03","date_gmt":"2021-06-01T09:50:03","guid":{"rendered":"https:\/\/biotellus.qodeinteractive.com\/?post_type=product&amp;p=1584"},"modified":"2023-08-19T06:19:05","modified_gmt":"2023-08-19T06:19:05","slug":"paper-bags","status":"publish","type":"product","link":"https:\/\/alnuscs.com\/en\/product\/paper-bags\/","title":{"rendered":"Paper Bags"},"content":{"rendered":"<p>Morbi lobortis leo tellus, vel ultricies velit fermentum vitae. Vivamus sagittis mollis tellus eu commodo. Duis accumsan magna sit amet arcu tincidunt, vitae placerat lorem pellentesque. Integer vitae sapien sed neque interdum interdum nec et purus. Sed commodo lorem ut arcu tempus, sed scelerisque diam lacinia. Praesent tempor lacus nec dignissim sodales, fusce eu sapien et ligula dignissim.<\/p>","protected":false},"excerpt":{"rendered":"<p>Fusce tincidunt magna risus cras eget nisi blandit nulla finibus sodales fusce ullamcorper aliquet neque. Ut feugiat sodales elit, in gravida ex porta nec. Suspendisse a arcu ipsum aenean lacus augue suscipit tortor. Phasellus justo orci, eget maximus orci porttitor.<\/p>","protected":false},"featured_media":1586,"comment_status":"open","ping_status":"closed","template":"","meta":[],"product_brand":[],"product_cat":[34],"product_tag":[44],"class_list":{"0":"post-1584","1":"product","2":"type-product","3":"status-publish","4":"has-post-thumbnail","6":"product_cat-biodegradable","7":"product_tag-natural","9":"first","10":"instock","11":"shipping-taxable","12":"purchasable","13":"product-type-simple"},"yoast_head":"<!-- This site is optimized with the Yoast SEO plugin v27.1.1 - https:\/\/yoast.com\/product\/yoast-seo-wordpress\/ -->\n<title>Paper Bags - ALNUS Consulting &amp; Strategy<\/title>\n<meta name=\"robots\" content=\"index, follow, max-snippet:-1, max-image-preview:large, max-video-preview:-1\" \/>\n<link rel=\"canonical\" href=\"https:\/\/alnuscs.com\/en\/product\/paper-bags\/\" \/>\n<meta property=\"og:locale\" content=\"en_US\" \/>\n<meta property=\"og:type\" content=\"article\" \/>\n<meta property=\"og:title\" content=\"Paper Bags - ALNUS Consulting &amp; Strategy\" \/>\n<meta property=\"og:description\" content=\"Fusce tincidunt magna risus cras eget nisi blandit nulla finibus sodales fusce ullamcorper aliquet neque. Ut feugiat sodales elit, in gravida ex porta nec. Suspendisse a arcu ipsum aenean lacus augue suscipit tortor. Phasellus justo orci, eget maximus orci porttitor.\" \/>\n<meta property=\"og:url\" content=\"https:\/\/alnuscs.com\/en\/product\/paper-bags\/\" \/>\n<meta property=\"og:site_name\" content=\"ALNUS Consulting &amp; Strategy\" \/>\n<meta property=\"article:modified_time\" content=\"2023-08-19T06:19:05+00:00\" \/>\n<meta property=\"og:image\" content=\"https:\/\/alnuscs.com\/wp-content\/uploads\/2021\/06\/Shop-single-005-main-img.jpg\" \/>\n\t<meta property=\"og:image:width\" content=\"800\" \/>\n\t<meta property=\"og:image:height\" content=\"800\" \/>\n\t<meta property=\"og:image:type\" content=\"image\/jpeg\" \/>\n<meta name=\"twitter:card\" content=\"summary_large_image\" \/>\n<script type=\"application\/ld+json\" class=\"yoast-schema-graph\">{\"@context\":\"https:\/\/schema.org\",\"@graph\":[{\"@type\":\"WebPage\",\"@id\":\"https:\/\/alnuscs.com\/product\/paper-bags\/\",\"url\":\"https:\/\/alnuscs.com\/product\/paper-bags\/\",\"name\":\"Paper Bags - ALNUS Consulting &amp; Strategy\",\"isPartOf\":{\"@id\":\"https:\/\/alnuscs.com\/#website\"},\"primaryImageOfPage\":{\"@id\":\"https:\/\/alnuscs.com\/product\/paper-bags\/#primaryimage\"},\"image\":{\"@id\":\"https:\/\/alnuscs.com\/product\/paper-bags\/#primaryimage\"},\"thumbnailUrl\":\"https:\/\/alnuscs.com\/wp-content\/uploads\/2021\/06\/Shop-single-005-main-img.jpg\",\"datePublished\":\"2021-06-01T09:50:03+00:00\",\"dateModified\":\"2023-08-19T06:19:05+00:00\",\"breadcrumb\":{\"@id\":\"https:\/\/alnuscs.com\/product\/paper-bags\/#breadcrumb\"},\"inLanguage\":\"en-US\",\"potentialAction\":[{\"@type\":\"ReadAction\",\"target\":[\"https:\/\/alnuscs.com\/product\/paper-bags\/\"]}]},{\"@type\":\"ImageObject\",\"inLanguage\":\"en-US\",\"@id\":\"https:\/\/alnuscs.com\/product\/paper-bags\/#primaryimage\",\"url\":\"https:\/\/alnuscs.com\/wp-content\/uploads\/2021\/06\/Shop-single-005-main-img.jpg\",\"contentUrl\":\"https:\/\/alnuscs.com\/wp-content\/uploads\/2021\/06\/Shop-single-005-main-img.jpg\",\"width\":800,\"height\":800,\"caption\":\"m\"},{\"@type\":\"BreadcrumbList\",\"@id\":\"https:\/\/alnuscs.com\/product\/paper-bags\/#breadcrumb\",\"itemListElement\":[{\"@type\":\"ListItem\",\"position\":1,\"name\":\"Portada\",\"item\":\"https:\/\/alnuscs.com\/\"},{\"@type\":\"ListItem\",\"position\":2,\"name\":\"Productos\",\"item\":\"https:\/\/alnuscs.com\/index.php\/shop\/\"},{\"@type\":\"ListItem\",\"position\":3,\"name\":\"Paper Bags\"}]},{\"@type\":\"WebSite\",\"@id\":\"https:\/\/alnuscs.com\/#website\",\"url\":\"https:\/\/alnuscs.com\/\",\"name\":\"ALNUS Consulting & Strategy\",\"description\":\"Alnus es un firma especializada en estrategia y consultor\u00eda, nos ubicamos en San Jos\u00e9, Costa Rica y ayudamos a nuestros clientes en la gesti\u00f3n de la sostenibilidad para generar servicios y soluciones competitivas, mejorar la eficiencia operativa, fortalecer su reputaci\u00f3n corporativa y atraer a consumidores y socios comerciales, a trav\u00e9s de estrategias que incorporan la innovaci\u00f3n, la experiencia y el conocimiento.\",\"publisher\":{\"@id\":\"https:\/\/alnuscs.com\/#organization\"},\"potentialAction\":[{\"@type\":\"SearchAction\",\"target\":{\"@type\":\"EntryPoint\",\"urlTemplate\":\"https:\/\/alnuscs.com\/?s={search_term_string}\"},\"query-input\":{\"@type\":\"PropertyValueSpecification\",\"valueRequired\":true,\"valueName\":\"search_term_string\"}}],\"inLanguage\":\"en-US\"},{\"@type\":\"Organization\",\"@id\":\"https:\/\/alnuscs.com\/#organization\",\"name\":\"ALNUS Consulting & Strategy\",\"url\":\"https:\/\/alnuscs.com\/\",\"logo\":{\"@type\":\"ImageObject\",\"inLanguage\":\"en-US\",\"@id\":\"https:\/\/alnuscs.com\/#\/schema\/logo\/image\/\",\"url\":\"https:\/\/alnuscs.com\/wp-content\/uploads\/2023\/08\/ALNUS-LOGO.png\",\"contentUrl\":\"https:\/\/alnuscs.com\/wp-content\/uploads\/2023\/08\/ALNUS-LOGO.png\",\"width\":927,\"height\":525,\"caption\":\"ALNUS Consulting & Strategy\"},\"image\":{\"@id\":\"https:\/\/alnuscs.com\/#\/schema\/logo\/image\/\"},\"sameAs\":[\"https:\/\/www.linkedin.com\/company\/alnus-consulting-and-strategy\/about\/\"]}]}<\/script>\n<!-- \/ Yoast SEO plugin. -->","yoast_head_json":{"title":"Paper Bags - ALNUS Consulting &amp; Strategy","robots":{"index":"index","follow":"follow","max-snippet":"max-snippet:-1","max-image-preview":"max-image-preview:large","max-video-preview":"max-video-preview:-1"},"canonical":"https:\/\/alnuscs.com\/en\/product\/paper-bags\/","og_locale":"en_US","og_type":"article","og_title":"Paper Bags - ALNUS Consulting &amp; Strategy","og_description":"Fusce tincidunt magna risus cras eget nisi blandit nulla finibus sodales fusce ullamcorper aliquet neque. Ut feugiat sodales elit, in gravida ex porta nec. Suspendisse a arcu ipsum aenean lacus augue suscipit tortor. Phasellus justo orci, eget maximus orci porttitor.","og_url":"https:\/\/alnuscs.com\/en\/product\/paper-bags\/","og_site_name":"ALNUS Consulting &amp; Strategy","article_modified_time":"2023-08-19T06:19:05+00:00","og_image":[{"width":800,"height":800,"url":"https:\/\/alnuscs.com\/wp-content\/uploads\/2021\/06\/Shop-single-005-main-img.jpg","type":"image\/jpeg"}],"twitter_card":"summary_large_image","schema":{"@context":"https:\/\/schema.org","@graph":[{"@type":"WebPage","@id":"https:\/\/alnuscs.com\/product\/paper-bags\/","url":"https:\/\/alnuscs.com\/product\/paper-bags\/","name":"Paper Bags - ALNUS Consulting &amp; Strategy","isPartOf":{"@id":"https:\/\/alnuscs.com\/#website"},"primaryImageOfPage":{"@id":"https:\/\/alnuscs.com\/product\/paper-bags\/#primaryimage"},"image":{"@id":"https:\/\/alnuscs.com\/product\/paper-bags\/#primaryimage"},"thumbnailUrl":"https:\/\/alnuscs.com\/wp-content\/uploads\/2021\/06\/Shop-single-005-main-img.jpg","datePublished":"2021-06-01T09:50:03+00:00","dateModified":"2023-08-19T06:19:05+00:00","breadcrumb":{"@id":"https:\/\/alnuscs.com\/product\/paper-bags\/#breadcrumb"},"inLanguage":"en-US","potentialAction":[{"@type":"ReadAction","target":["https:\/\/alnuscs.com\/product\/paper-bags\/"]}]},{"@type":"ImageObject","inLanguage":"en-US","@id":"https:\/\/alnuscs.com\/product\/paper-bags\/#primaryimage","url":"https:\/\/alnuscs.com\/wp-content\/uploads\/2021\/06\/Shop-single-005-main-img.jpg","contentUrl":"https:\/\/alnuscs.com\/wp-content\/uploads\/2021\/06\/Shop-single-005-main-img.jpg","width":800,"height":800,"caption":"m"},{"@type":"BreadcrumbList","@id":"https:\/\/alnuscs.com\/product\/paper-bags\/#breadcrumb","itemListElement":[{"@type":"ListItem","position":1,"name":"Portada","item":"https:\/\/alnuscs.com\/"},{"@type":"ListItem","position":2,"name":"Productos","item":"https:\/\/alnuscs.com\/index.php\/shop\/"},{"@type":"ListItem","position":3,"name":"Paper Bags"}]},{"@type":"WebSite","@id":"https:\/\/alnuscs.com\/#website","url":"https:\/\/alnuscs.com\/","name":"ALNUS Consulting & Strategy","description":"Alnus es un firma especializada en estrategia y consultor\u00eda, nos ubicamos en San Jos\u00e9, Costa Rica y ayudamos a nuestros clientes en la gesti\u00f3n de la sostenibilidad para generar servicios y soluciones competitivas, mejorar la eficiencia operativa, fortalecer su reputaci\u00f3n corporativa y atraer a consumidores y socios comerciales, a trav\u00e9s de estrategias que incorporan la innovaci\u00f3n, la experiencia y el conocimiento.","publisher":{"@id":"https:\/\/alnuscs.com\/#organization"},"potentialAction":[{"@type":"SearchAction","target":{"@type":"EntryPoint","urlTemplate":"https:\/\/alnuscs.com\/?s={search_term_string}"},"query-input":{"@type":"PropertyValueSpecification","valueRequired":true,"valueName":"search_term_string"}}],"inLanguage":"en-US"},{"@type":"Organization","@id":"https:\/\/alnuscs.com\/#organization","name":"ALNUS Consulting & Strategy","url":"https:\/\/alnuscs.com\/","logo":{"@type":"ImageObject","inLanguage":"en-US","@id":"https:\/\/alnuscs.com\/#\/schema\/logo\/image\/","url":"https:\/\/alnuscs.com\/wp-content\/uploads\/2023\/08\/ALNUS-LOGO.png","contentUrl":"https:\/\/alnuscs.com\/wp-content\/uploads\/2023\/08\/ALNUS-LOGO.png","width":927,"height":525,"caption":"ALNUS Consulting & Strategy"},"image":{"@id":"https:\/\/alnuscs.com\/#\/schema\/logo\/image\/"},"sameAs":["https:\/\/www.linkedin.com\/company\/alnus-consulting-and-strategy\/about\/"]}]}},"_links":{"self":[{"href":"https:\/\/alnuscs.com\/en\/wp-json\/wp\/v2\/product\/1584","targetHints":{"allow":["GET"]}}],"collection":[{"href":"https:\/\/alnuscs.com\/en\/wp-json\/wp\/v2\/product"}],"about":[{"href":"https:\/\/alnuscs.com\/en\/wp-json\/wp\/v2\/types\/product"}],"replies":[{"embeddable":true,"href":"https:\/\/alnuscs.com\/en\/wp-json\/wp\/v2\/comments?post=1584"}],"wp:featuredmedia":[{"embeddable":true,"href":"https:\/\/alnuscs.com\/en\/wp-json\/wp\/v2\/media\/1586"}],"wp:attachment":[{"href":"https:\/\/alnuscs.com\/en\/wp-json\/wp\/v2\/media?parent=1584"}],"wp:term":[{"taxonomy":"product_brand","embeddable":true,"href":"https:\/\/alnuscs.com\/en\/wp-json\/wp\/v2\/product_brand?post=1584"},{"taxonomy":"product_cat","embeddable":true,"href":"https:\/\/alnuscs.com\/en\/wp-json\/wp\/v2\/product_cat?post=1584"},{"taxonomy":"product_tag","embeddable":true,"href":"https:\/\/alnuscs.com\/en\/wp-json\/wp\/v2\/product_tag?post=1584"}],"curies":[{"name":"wp","href":"https:\/\/api.w.org\/{rel}","templated":true}]}}